{"id":80491,"date":"2023-12-18T10:37:04","date_gmt":"2023-12-18T09:37:04","guid":{"rendered":"https:\/\/novigrad.hr\/novigradski-list-broj-59-il-gazzetino-di-cittanova-numero-59\/"},"modified":"2023-12-18T10:43:00","modified_gmt":"2023-12-18T09:43:00","slug":"novigradski-list-broj-59-il-gazzetino-di-cittanova-numero-59","status":"publish","type":"page","link":"https:\/\/novigrad.hr\/it\/novigradski-list-broj-59-il-gazzetino-di-cittanova-numero-59\/","title":{"rendered":"Novigradski list, broj 59 \/ Il gazzetino di Cittanova, numero 59"},"content":{"rendered":"<div class=\"_df_book df-lite\" id=\"df_80482\"  _slug=\"novigradski-list-broj-59-il-gazzetino-di-cittanova-numero-59\" data-title=\"novigradski-list-broj-59-il-gazzetino-di-cittanova-numero-59\" wpoptions=\"true\" thumb=\"https:\/\/novigrad.hr\/media\/2023\/12\/Novigradski-list-59-naslovnica.jpg\" thumbtype=\"\" ><\/div><script class=\"df-shortcode-script\" nowprocket type=\"application\/javascript\">window.option_df_80482 = {\"outline\":[],\"backgroundColor\":\"#ffffff\",\"autoEnableOutline\":\"false\",\"autoEnableThumbnail\":\"false\",\"overwritePDFOutline\":\"false\",\"direction\":\"1\",\"pageSize\":\"0\",\"source\":\"https:\\\/\\\/novigrad.hr\\\/media\\\/2023\\\/12\\\/Novigradski-list-59_web.pdf\",\"wpOptions\":\"true\"}; if(window.DFLIP && window.DFLIP.parseBooks){window.DFLIP.parseBooks();}<\/script>\n\n\n\n<p><\/p>\n","protected":false},"excerpt":{"rendered":"","protected":false},"author":1,"featured_media":73648,"parent":0,"menu_order":0,"comment_status":"closed","ping_status":"closed","template":"","meta":{"footnotes":""},"page-taxonomy":[],"class_list":["post-80491","page","type-page","status-publish","has-post-thumbnail","hentry"],"blocksy_meta":[],"yoast_head":"<!-- This site is optimized with the Yoast SEO plugin v27.3 - https:\/\/yoast.com\/product\/yoast-seo-wordpress\/ -->\n<title>Novigradski list, broj 59 \/ Il gazzetino di Cittanova, numero 59 &#8211; Grad Novigrad-Cittanova | La Citt\u00e0 di Novigrad-Cittanova<\/title>\n<meta name=\"robots\" content=\"index, follow, max-snippet:-1, max-image-preview:large, max-video-preview:-1\" \/>\n<link rel=\"canonical\" href=\"https:\/\/novigrad.hr\/it\/novigradski-list-broj-59-il-gazzetino-di-cittanova-numero-59\/\" \/>\n<meta property=\"og:locale\" content=\"it_IT\" \/>\n<meta property=\"og:type\" content=\"article\" \/>\n<meta property=\"og:title\" content=\"Novigradski list, broj 59 \/ Il gazzetino di Cittanova, numero 59 &#8211; Grad Novigrad-Cittanova | La Citt\u00e0 di Novigrad-Cittanova\" \/>\n<meta property=\"og:url\" content=\"https:\/\/novigrad.hr\/it\/novigradski-list-broj-59-il-gazzetino-di-cittanova-numero-59\/\" \/>\n<meta property=\"og:site_name\" content=\"Grad Novigrad-Cittanova | La Citt\u00e0 di Novigrad-Cittanova\" \/>\n<meta property=\"article:modified_time\" content=\"2023-12-18T09:43:00+00:00\" \/>\n<meta property=\"og:image\" content=\"https:\/\/novigrad.hr\/media\/2022\/12\/Novigradski-list-58-naslovnica.jpg\" \/>\n\t<meta property=\"og:image:width\" content=\"595\" \/>\n\t<meta property=\"og:image:height\" content=\"842\" \/>\n\t<meta property=\"og:image:type\" content=\"image\/jpeg\" \/>\n<meta name=\"twitter:card\" content=\"summary_large_image\" \/>\n<script type=\"application\/ld+json\" class=\"yoast-schema-graph\">{\"@context\":\"https:\\\/\\\/schema.org\",\"@graph\":[{\"@type\":\"WebPage\",\"@id\":\"https:\\\/\\\/novigrad.hr\\\/it\\\/novigradski-list-broj-59-il-gazzetino-di-cittanova-numero-59\\\/\",\"url\":\"https:\\\/\\\/novigrad.hr\\\/it\\\/novigradski-list-broj-59-il-gazzetino-di-cittanova-numero-59\\\/\",\"name\":\"Novigradski list, broj 59 \\\/ Il gazzetino di Cittanova, numero 59 &#8211; Grad Novigrad-Cittanova | La Citt\u00e0 di Novigrad-Cittanova\",\"isPartOf\":{\"@id\":\"https:\\\/\\\/novigrad.hr\\\/it\\\/#website\"},\"primaryImageOfPage\":{\"@id\":\"https:\\\/\\\/novigrad.hr\\\/it\\\/novigradski-list-broj-59-il-gazzetino-di-cittanova-numero-59\\\/#primaryimage\"},\"image\":{\"@id\":\"https:\\\/\\\/novigrad.hr\\\/it\\\/novigradski-list-broj-59-il-gazzetino-di-cittanova-numero-59\\\/#primaryimage\"},\"thumbnailUrl\":\"https:\\\/\\\/novigrad.hr\\\/media\\\/2022\\\/12\\\/Novigradski-list-58-naslovnica.jpg\",\"datePublished\":\"2023-12-18T09:37:04+00:00\",\"dateModified\":\"2023-12-18T09:43:00+00:00\",\"breadcrumb\":{\"@id\":\"https:\\\/\\\/novigrad.hr\\\/it\\\/novigradski-list-broj-59-il-gazzetino-di-cittanova-numero-59\\\/#breadcrumb\"},\"inLanguage\":\"it-IT\",\"potentialAction\":[{\"@type\":\"ReadAction\",\"target\":[\"https:\\\/\\\/novigrad.hr\\\/it\\\/novigradski-list-broj-59-il-gazzetino-di-cittanova-numero-59\\\/\"]}]},{\"@type\":\"ImageObject\",\"inLanguage\":\"it-IT\",\"@id\":\"https:\\\/\\\/novigrad.hr\\\/it\\\/novigradski-list-broj-59-il-gazzetino-di-cittanova-numero-59\\\/#primaryimage\",\"url\":\"https:\\\/\\\/novigrad.hr\\\/media\\\/2022\\\/12\\\/Novigradski-list-58-naslovnica.jpg\",\"contentUrl\":\"https:\\\/\\\/novigrad.hr\\\/media\\\/2022\\\/12\\\/Novigradski-list-58-naslovnica.jpg\",\"width\":595,\"height\":842},{\"@type\":\"BreadcrumbList\",\"@id\":\"https:\\\/\\\/novigrad.hr\\\/it\\\/novigradski-list-broj-59-il-gazzetino-di-cittanova-numero-59\\\/#breadcrumb\",\"itemListElement\":[{\"@type\":\"ListItem\",\"position\":1,\"name\":\"Home\",\"item\":\"https:\\\/\\\/novigrad.hr\\\/it\\\/\"},{\"@type\":\"ListItem\",\"position\":2,\"name\":\"Novigradski list, broj 59 \\\/ Il gazzetino di Cittanova, numero 59\"}]},{\"@type\":\"WebSite\",\"@id\":\"https:\\\/\\\/novigrad.hr\\\/it\\\/#website\",\"url\":\"https:\\\/\\\/novigrad.hr\\\/it\\\/\",\"name\":\"Grad Novigrad-Cittanova | La Citt\u00e0 di Novigrad-Cittanova\",\"description\":\"Slu\u017ebene stranice Grada Novigrad-Cittanova | Sito ufficiale della Citt\u00e0 di Novigrad - Cittanova\",\"publisher\":{\"@id\":\"https:\\\/\\\/novigrad.hr\\\/it\\\/#organization\"},\"alternateName\":\"Grad Novigrad-Cittanova | La Citt\u00e0 di Novigrad-Cittanova\",\"potentialAction\":[{\"@type\":\"SearchAction\",\"target\":{\"@type\":\"EntryPoint\",\"urlTemplate\":\"https:\\\/\\\/novigrad.hr\\\/it\\\/?s={search_term_string}\"},\"query-input\":{\"@type\":\"PropertyValueSpecification\",\"valueRequired\":true,\"valueName\":\"search_term_string\"}}],\"inLanguage\":\"it-IT\"},{\"@type\":\"Organization\",\"@id\":\"https:\\\/\\\/novigrad.hr\\\/it\\\/#organization\",\"name\":\"Grad Novigrad - Cittanova\",\"url\":\"https:\\\/\\\/novigrad.hr\\\/it\\\/\",\"logo\":{\"@type\":\"ImageObject\",\"inLanguage\":\"it-IT\",\"@id\":\"https:\\\/\\\/novigrad.hr\\\/it\\\/#\\\/schema\\\/logo\\\/image\\\/\",\"url\":\"https:\\\/\\\/novigrad.hr\\\/media\\\/2022\\\/03\\\/NG-CN-logo.png\",\"contentUrl\":\"https:\\\/\\\/novigrad.hr\\\/media\\\/2022\\\/03\\\/NG-CN-logo.png\",\"width\":600,\"height\":100,\"caption\":\"Grad Novigrad - Cittanova\"},\"image\":{\"@id\":\"https:\\\/\\\/novigrad.hr\\\/it\\\/#\\\/schema\\\/logo\\\/image\\\/\"}}]}<\/script>\n<!-- \/ Yoast SEO plugin. -->","yoast_head_json":{"title":"Novigradski list, broj 59 \/ Il gazzetino di Cittanova, numero 59 &#8211; Grad Novigrad-Cittanova | La Citt\u00e0 di Novigrad-Cittanova","robots":{"index":"index","follow":"follow","max-snippet":"max-snippet:-1","max-image-preview":"max-image-preview:large","max-video-preview":"max-video-preview:-1"},"canonical":"https:\/\/novigrad.hr\/it\/novigradski-list-broj-59-il-gazzetino-di-cittanova-numero-59\/","og_locale":"it_IT","og_type":"article","og_title":"Novigradski list, broj 59 \/ Il gazzetino di Cittanova, numero 59 &#8211; Grad Novigrad-Cittanova | La Citt\u00e0 di Novigrad-Cittanova","og_url":"https:\/\/novigrad.hr\/it\/novigradski-list-broj-59-il-gazzetino-di-cittanova-numero-59\/","og_site_name":"Grad Novigrad-Cittanova | La Citt\u00e0 di Novigrad-Cittanova","article_modified_time":"2023-12-18T09:43:00+00:00","og_image":[{"width":595,"height":842,"url":"https:\/\/novigrad.hr\/media\/2022\/12\/Novigradski-list-58-naslovnica.jpg","type":"image\/jpeg"}],"twitter_card":"summary_large_image","schema":{"@context":"https:\/\/schema.org","@graph":[{"@type":"WebPage","@id":"https:\/\/novigrad.hr\/it\/novigradski-list-broj-59-il-gazzetino-di-cittanova-numero-59\/","url":"https:\/\/novigrad.hr\/it\/novigradski-list-broj-59-il-gazzetino-di-cittanova-numero-59\/","name":"Novigradski list, broj 59 \/ Il gazzetino di Cittanova, numero 59 &#8211; Grad Novigrad-Cittanova | La Citt\u00e0 di Novigrad-Cittanova","isPartOf":{"@id":"https:\/\/novigrad.hr\/it\/#website"},"primaryImageOfPage":{"@id":"https:\/\/novigrad.hr\/it\/novigradski-list-broj-59-il-gazzetino-di-cittanova-numero-59\/#primaryimage"},"image":{"@id":"https:\/\/novigrad.hr\/it\/novigradski-list-broj-59-il-gazzetino-di-cittanova-numero-59\/#primaryimage"},"thumbnailUrl":"https:\/\/novigrad.hr\/media\/2022\/12\/Novigradski-list-58-naslovnica.jpg","datePublished":"2023-12-18T09:37:04+00:00","dateModified":"2023-12-18T09:43:00+00:00","breadcrumb":{"@id":"https:\/\/novigrad.hr\/it\/novigradski-list-broj-59-il-gazzetino-di-cittanova-numero-59\/#breadcrumb"},"inLanguage":"it-IT","potentialAction":[{"@type":"ReadAction","target":["https:\/\/novigrad.hr\/it\/novigradski-list-broj-59-il-gazzetino-di-cittanova-numero-59\/"]}]},{"@type":"ImageObject","inLanguage":"it-IT","@id":"https:\/\/novigrad.hr\/it\/novigradski-list-broj-59-il-gazzetino-di-cittanova-numero-59\/#primaryimage","url":"https:\/\/novigrad.hr\/media\/2022\/12\/Novigradski-list-58-naslovnica.jpg","contentUrl":"https:\/\/novigrad.hr\/media\/2022\/12\/Novigradski-list-58-naslovnica.jpg","width":595,"height":842},{"@type":"BreadcrumbList","@id":"https:\/\/novigrad.hr\/it\/novigradski-list-broj-59-il-gazzetino-di-cittanova-numero-59\/#breadcrumb","itemListElement":[{"@type":"ListItem","position":1,"name":"Home","item":"https:\/\/novigrad.hr\/it\/"},{"@type":"ListItem","position":2,"name":"Novigradski list, broj 59 \/ Il gazzetino di Cittanova, numero 59"}]},{"@type":"WebSite","@id":"https:\/\/novigrad.hr\/it\/#website","url":"https:\/\/novigrad.hr\/it\/","name":"Grad Novigrad-Cittanova | La Citt\u00e0 di Novigrad-Cittanova","description":"Slu\u017ebene stranice Grada Novigrad-Cittanova | Sito ufficiale della Citt\u00e0 di Novigrad - Cittanova","publisher":{"@id":"https:\/\/novigrad.hr\/it\/#organization"},"alternateName":"Grad Novigrad-Cittanova | La Citt\u00e0 di Novigrad-Cittanova","potentialAction":[{"@type":"SearchAction","target":{"@type":"EntryPoint","urlTemplate":"https:\/\/novigrad.hr\/it\/?s={search_term_string}"},"query-input":{"@type":"PropertyValueSpecification","valueRequired":true,"valueName":"search_term_string"}}],"inLanguage":"it-IT"},{"@type":"Organization","@id":"https:\/\/novigrad.hr\/it\/#organization","name":"Grad Novigrad - Cittanova","url":"https:\/\/novigrad.hr\/it\/","logo":{"@type":"ImageObject","inLanguage":"it-IT","@id":"https:\/\/novigrad.hr\/it\/#\/schema\/logo\/image\/","url":"https:\/\/novigrad.hr\/media\/2022\/03\/NG-CN-logo.png","contentUrl":"https:\/\/novigrad.hr\/media\/2022\/03\/NG-CN-logo.png","width":600,"height":100,"caption":"Grad Novigrad - Cittanova"},"image":{"@id":"https:\/\/novigrad.hr\/it\/#\/schema\/logo\/image\/"}}]}},"_links":{"self":[{"href":"https:\/\/novigrad.hr\/it\/wp-json\/wp\/v2\/pages\/80491","targetHints":{"allow":["GET"]}}],"collection":[{"href":"https:\/\/novigrad.hr\/it\/wp-json\/wp\/v2\/pages"}],"about":[{"href":"https:\/\/novigrad.hr\/it\/wp-json\/wp\/v2\/types\/page"}],"author":[{"embeddable":true,"href":"https:\/\/novigrad.hr\/it\/wp-json\/wp\/v2\/users\/1"}],"replies":[{"embeddable":true,"href":"https:\/\/novigrad.hr\/it\/wp-json\/wp\/v2\/comments?post=80491"}],"version-history":[{"count":0,"href":"https:\/\/novigrad.hr\/it\/wp-json\/wp\/v2\/pages\/80491\/revisions"}],"wp:featuredmedia":[{"embeddable":true,"href":"https:\/\/novigrad.hr\/it\/wp-json\/wp\/v2\/media\/73648"}],"wp:attachment":[{"href":"https:\/\/novigrad.hr\/it\/wp-json\/wp\/v2\/media?parent=80491"}],"wp:term":[{"taxonomy":"page-taxonomy","embeddable":true,"href":"https:\/\/novigrad.hr\/it\/wp-json\/wp\/v2\/page-taxonomy?post=80491"}],"curies":[{"name":"wp","href":"https:\/\/api.w.org\/{rel}","templated":true}]}}