{"id":9804,"date":"2021-08-19T11:00:43","date_gmt":"2021-08-19T10:00:43","guid":{"rendered":"https:\/\/novigrad.hr\/il-sindaco\/competenze-del-sindaco\/"},"modified":"2022-04-12T08:48:47","modified_gmt":"2022-04-12T07:48:47","slug":"competenze-del-sindaco","status":"publish","type":"page","link":"https:\/\/novigrad.hr\/it\/il-sindaco\/competenze-del-sindaco\/","title":{"rendered":"Competenze del Sindaco"},"content":{"rendered":"\n<p>Il Sindaco rappresenta la Citta\u2019 ed e\u2019 il portatore del potere esecutivo della Citta\u2019. Il mandato del Sindaco ha la durata di quattro anni. Il sindaco della Citta\u2019 di Novigrad-Cittanova svolge la propria funzione come professione. Nello svolgimento del potere esecutivo il Sindaco:<\/p>\n\n\n\n<ul class=\"wp-block-list\"><li>prepara le proposte degli atti generali,<\/li><li>esegue e assicura l\u2019esecuzione degli atti generali del Consiglio cittadino<\/li><li>definisce la proposta del bilancio della Citta\u2019 e la realizzazione del bilancio,<\/li><li>gestisce i beni immobili, mobili e i diritti di proprieta\u2019 dei beni della Citta\u2019 in conformita\u2019 alla legge, al presente Statuto e agli atti generali del Consiglio cittadino,<\/li><li>decide dell\u2019acquisizione e dell\u2019alienazione dei beni mobili e immobili della Citta\u2019 in conformita\u2019 alle disposizioni legislative,<\/li><li>gestisce le entrate e le uscite finanziarie della Citta\u2019,<\/li><li>gestisce i mezzi finanziari a disposizione sul conto del bilancio della Citta\u2019,<\/li><li>emana il regolamento sull\u2019ordine interno degli organi amministrativi della Citta\u2019,<\/li><li>nomina e destituisce gli assessori degli organi amministrativi,<\/li><li>definisce il piano di assunzione in servizio negli organi amministrativi della Citta\u2019,<\/li><li>propone l\u2019esecuzione del piano territoriale e delle relative modifiche e integrazioni in base alle proposte argomentate e motivate di persone fisiche e giuridiche,<\/li><li>da\u2019 le direttive di lavoro degli organi amministrativi della Citta\u2019 e degli uffici cittadini nello svolgimento delle mansioni dell\u2019autogoverno locale della Citta\u2019, rispettivamente delle attivita\u2019 dell\u2019amministrazione statale, quando sono trasferiti alla Citta\u2019,<\/li><li>da\u2019 i pareri in merito alle proposte emanate da altri proponitori autorizzati,<\/li><li>esegue il controllo della legalita\u2019 d\u2019operato degli organi dei comitati locali,<\/li><li>svolge altre mansioni previste dallo Statuto e da altre prescrizioni.<\/li><li>obavlja i druge poslove predvi\u0111ene Statutom Grada i drugim propisima.<\/li><\/ul>\n\n\n\n<p>Il Sindaco risponde della costituzionalita\u2019 e della legalita\u2019 dei lavori che rientrano nel suo ambito di competenza nonche\u2019 della costituzionalita\u2019 e della legalita\u2019 degli atti degli organi amministrativi della Citta\u2019.<\/p>\n","protected":false},"excerpt":{"rendered":"<p>Il Sindaco rappresenta la Citta\u2019 ed e\u2019 il portatore del potere esecutivo della Citta\u2019. Il mandato del Sindaco ha la durata di quattro anni. Il sindaco della Citta\u2019 di Novigrad-Cittanova svolge la propria funzione come professione. Nello svolgimento del potere esecutivo il Sindaco: prepara le proposte degli atti generali, esegue e assicura l\u2019esecuzione degli atti [&hellip;]<\/p>\n","protected":false},"author":1,"featured_media":9529,"parent":9790,"menu_order":0,"comment_status":"closed","ping_status":"closed","template":"","meta":{"footnotes":""},"page-taxonomy":[],"class_list":["post-9804","page","type-page","status-publish","has-post-thumbnail","hentry"],"blocksy_meta":{"styles_descriptor":{"styles":{"desktop":"","tablet":"","mobile":""},"google_fonts":[],"version":6},"page_title_panel":"","has_hero_section":"default","2cf752b37bf59853ca4aa8eba60cd678":"","hero_section":"type-1","hero_elements":[{"id":"custom_title","enabled":true,"heading_tag":"h1","title":"Home"},{"id":"custom_description","enabled":true,"description_visibility":{"desktop":true,"tablet":true,"mobile":false}},{"id":"custom_meta","enabled":false,"meta_elements":[{"id":"author","enabled":true,"label":"By","has_author_avatar":"yes","avatar_size":25},{"id":"post_date","enabled":true,"label":"On","date_format_source":"default","date_format":"M j, Y"},{"id":"updated_date","enabled":false,"label":"On","date_format_source":"default","date_format":"M j, Y"},{"id":"categories","enabled":false,"label":"In","style":"simple"},{"id":"comments","enabled":true}],"page_meta_elements":{"joined":true,"articles_count":true,"comments":true}},{"id":"breadcrumbs","enabled":false}],"3406df9faf96026697aefcf3833899fd":"","hero_alignment1":"CT_CSS_SKIP_RULE","hero_margin":40,"hero_alignment2":"center","hero_vertical_alignment":"center","c2d593af7ed88402c3d5027e0f08e141":"","hero_structure":"narrow","b36afabf9908b3de823d1a34ded9dfc2":"","page_title_bg_type":"featured_image","custom_hero_background":{"attachment_id":null},"parallax":{"desktop":false,"tablet":false,"mobile":false},"4fcd31835f49b7df35fe1dce6f69e107":"","hero_height":"250px","pageTitleFont":{"family":"Default","variation":"Default","size":{"desktop":"32px","tablet":"30px","mobile":"25px"},"line-height":"CT_CSS_SKIP_RULE","letter-spacing":"CT_CSS_SKIP_RULE","text-transform":"CT_CSS_SKIP_RULE","text-decoration":"CT_CSS_SKIP_RULE"},"pageTitleFontColor":{"default":{"color":"CT_CSS_SKIP_RULEDEFAULT"}},"pageMetaFont":{"family":"Default","variation":"n6","size":"12px","line-height":"1.3","letter-spacing":"CT_CSS_SKIP_RULE","text-transform":"uppercase","text-decoration":"CT_CSS_SKIP_RULE"},"pageMetaFontColor":{"default":{"color":"CT_CSS_SKIP_RULEDEFAULT"},"hover":{"color":"CT_CSS_SKIP_RULEDEFAULT"}},"page_meta_button_type_font_colors":{"default":{"color":"CT_CSS_SKIP_RULEDEFAULT"},"hover":{"color":"CT_CSS_SKIP_RULEDEFAULT"}},"page_meta_button_type_background_colors":{"default":{"color":"CT_CSS_SKIP_RULEDEFAULT"},"hover":{"color":"CT_CSS_SKIP_RULEDEFAULT"}},"pageExcerptFont":{"family":"Default","variation":"Default","size":"CT_CSS_SKIP_RULE","line-height":"CT_CSS_SKIP_RULE","letter-spacing":"CT_CSS_SKIP_RULE","text-transform":"CT_CSS_SKIP_RULE","text-decoration":"CT_CSS_SKIP_RULE"},"pageExcerptColor":{"default":{"color":"CT_CSS_SKIP_RULEDEFAULT"}},"breadcrumbsFont":{"family":"Default","variation":"Default","size":"CT_CSS_SKIP_RULE","line-height":"CT_CSS_SKIP_RULE","letter-spacing":"CT_CSS_SKIP_RULE","text-transform":"CT_CSS_SKIP_RULE","text-decoration":"CT_CSS_SKIP_RULE"},"breadcrumbsFontColor":{"default":{"color":"CT_CSS_SKIP_RULEDEFAULT"},"initial":{"color":"CT_CSS_SKIP_RULEDEFAULT"},"hover":{"color":"CT_CSS_SKIP_RULEDEFAULT"}},"acf_field_hero_elements":"","typography":{"family":"Default","variation":"Default","size":"CT_CSS_SKIP_RULE","line-height":"CT_CSS_SKIP_RULE","letter-spacing":"CT_CSS_SKIP_RULE","text-transform":"CT_CSS_SKIP_RULE","text-decoration":"CT_CSS_SKIP_RULE"},"color":{"default":{"color":"CT_CSS_SKIP_RULEDEFAULT"},"hover":{"color":"CT_CSS_SKIP_RULEDEFAULT"}},"metabox_field_hero_elements":"","toolset_field_hero_elements":"","jetengine_field_hero_elements":"","pageTitleOverlay":{"background_type":"color","background_pattern":"type-1","background_image":{"attachment_id":null,"x":0,"y":0},"gradient":"linear-gradient(135deg,rgba(6,147,227,1) 0%,rgb(155,81,224) 100%)","background_repeat":"repeat","background_size":"auto","background_attachment":"scroll","patternColor":{"default":{"color":"#e5e7ea"}},"overlayColor":{"default":{"color":"CT_CSS_SKIP_RULE"}},"backgroundColor":{"default":{"color":"CT_CSS_SKIP_RULE"}},"default":{"color":"CT_CSS_SKIP_RULE"}},"pageTitleBackground":{"background_type":"color","background_pattern":"type-1","background_image":{"attachment_id":null,"x":0,"y":0},"gradient":"linear-gradient(135deg,rgba(6,147,227,1) 0%,rgb(155,81,224) 100%)","background_repeat":"no-repeat","background_size":"auto","background_attachment":"scroll","patternColor":{"default":{"color":"#e5e7ea"}},"overlayColor":{"default":{"color":"CT_CSS_SKIP_RULE"}},"backgroundColor":{"default":{"color":"var(--theme-palette-color-6)"}}},"pageTitlePadding":{"top":"50px","bottom":"50px","left":"auto","right":"auto","linked":true},"ebbbd61cbd689c2fda90903452ac8de9":"","page_structure_type":"type-1","7050ff649eff3969a579fbc0b037ff57":"","content_style_source":"inherit","content_style":"wide","vertical_spacing_source":"inherit","content_area_spacing":"both","background":{"background_type":"color","background_pattern":"type-1","background_image":{"attachment_id":null,"x":0,"y":0},"gradient":"linear-gradient(135deg,rgba(6,147,227,1) 0%,rgb(155,81,224) 100%)","background_repeat":"no-repeat","background_size":"auto","background_attachment":"scroll","patternColor":{"default":{"color":"#e5e7ea"}},"overlayColor":{"default":{"color":"CT_CSS_SKIP_RULE"}},"backgroundColor":{"default":{"color":"CT_CSS_SKIP_RULE"}}},"content_background":{"background_type":"color","background_pattern":"type-1","background_image":{"attachment_id":null,"x":0,"y":0},"gradient":"linear-gradient(135deg,rgba(6,147,227,1) 0%,rgb(155,81,224) 100%)","background_repeat":"no-repeat","background_size":"auto","background_attachment":"scroll","patternColor":{"default":{"color":"#e5e7ea"}},"overlayColor":{"default":{"color":"CT_CSS_SKIP_RULE"}},"backgroundColor":{"default":{"color":"var(--theme-palette-color-8)"}}},"content_boxed_shadow":{"inherit":false,"blur":18,"spread":-6,"v_offset":12,"h_offset":0,"inset":false,"enable":true,"color":{"color":"rgba(34, 56, 101, 0.04)"}},"boxed_content_spacing":{"desktop":{"top":"40px","bottom":"40px","left":"40px","right":"40px","linked":true},"tablet":{"top":"35px","bottom":"35px","left":"35px","right":"35px","linked":true},"mobile":{"top":"20px","bottom":"20px","left":"20px","right":"20px","linked":true}},"content_boxed_radius":{"top":"3px","bottom":"3px","left":"3px","right":"3px","linked":true},"086a11aa7c5fd2699b4da6e9adc9b085":"","disable_featured_image":"no","disable_header":"no","disable_footer":"no","05207d4c8a43bc350c861abfdda36bf5":"","0931c5bbc303259b6e8dac031a4afd3b":"","95b76d8faabf11f2a2198a8f12e5511c":"","f67fc07d891856d1ca64277736c12e42":"","a8d5fbb228f172a4a6ed0e1cc9311435":"","custom_field_hero_elements":"","975d050014e81c50d9be0a5081191656":"","16911c25da321ce40127f54aa4c8dbec":"","6097b1c507a95fe89a1af351608dcede":"","disable_share_box":"no"},"yoast_head":"<!-- This site is optimized with the Yoast SEO plugin v27.3 - https:\/\/yoast.com\/product\/yoast-seo-wordpress\/ -->\n<title>Competenze del Sindaco &#8211; Grad Novigrad-Cittanova | La Citt\u00e0 di Novigrad-Cittanova<\/title>\n<meta name=\"robots\" content=\"index, follow, max-snippet:-1, max-image-preview:large, max-video-preview:-1\" \/>\n<link rel=\"canonical\" href=\"https:\/\/novigrad.hr\/it\/il-sindaco\/competenze-del-sindaco\/\" \/>\n<meta property=\"og:locale\" content=\"it_IT\" \/>\n<meta property=\"og:type\" content=\"article\" \/>\n<meta property=\"og:title\" content=\"Competenze del Sindaco &#8211; Grad Novigrad-Cittanova | La Citt\u00e0 di Novigrad-Cittanova\" \/>\n<meta property=\"og:description\" content=\"Il Sindaco rappresenta la Citta\u2019 ed e\u2019 il portatore del potere esecutivo della Citta\u2019. Il mandato del Sindaco ha la durata di quattro anni. Il sindaco della Citta\u2019 di Novigrad-Cittanova svolge la propria funzione come professione. Nello svolgimento del potere esecutivo il Sindaco: prepara le proposte degli atti generali, esegue e assicura l\u2019esecuzione degli atti [&hellip;]\" \/>\n<meta property=\"og:url\" content=\"https:\/\/novigrad.hr\/it\/il-sindaco\/competenze-del-sindaco\/\" \/>\n<meta property=\"og:site_name\" content=\"Grad Novigrad-Cittanova | La Citt\u00e0 di Novigrad-Cittanova\" \/>\n<meta property=\"article:modified_time\" content=\"2022-04-12T07:48:47+00:00\" \/>\n<meta property=\"og:image\" content=\"https:\/\/novigrad.hr\/media\/2021\/11\/Novigrad-Cittanova-Arhiva-TZG-B-11-B.jpg\" \/>\n\t<meta property=\"og:image:width\" content=\"920\" \/>\n\t<meta property=\"og:image:height\" content=\"612\" \/>\n\t<meta property=\"og:image:type\" content=\"image\/jpeg\" \/>\n<meta name=\"twitter:card\" content=\"summary_large_image\" \/>\n<meta name=\"twitter:label1\" content=\"Tempo di lettura stimato\" \/>\n\t<meta name=\"twitter:data1\" content=\"2 minuti\" \/>\n<script type=\"application\/ld+json\" class=\"yoast-schema-graph\">{\"@context\":\"https:\\\/\\\/schema.org\",\"@graph\":[{\"@type\":\"WebPage\",\"@id\":\"https:\\\/\\\/novigrad.hr\\\/it\\\/il-sindaco\\\/competenze-del-sindaco\\\/\",\"url\":\"https:\\\/\\\/novigrad.hr\\\/it\\\/il-sindaco\\\/competenze-del-sindaco\\\/\",\"name\":\"Competenze del Sindaco &#8211; Grad Novigrad-Cittanova | La Citt\u00e0 di Novigrad-Cittanova\",\"isPartOf\":{\"@id\":\"https:\\\/\\\/novigrad.hr\\\/it\\\/#website\"},\"primaryImageOfPage\":{\"@id\":\"https:\\\/\\\/novigrad.hr\\\/it\\\/il-sindaco\\\/competenze-del-sindaco\\\/#primaryimage\"},\"image\":{\"@id\":\"https:\\\/\\\/novigrad.hr\\\/it\\\/il-sindaco\\\/competenze-del-sindaco\\\/#primaryimage\"},\"thumbnailUrl\":\"https:\\\/\\\/novigrad.hr\\\/media\\\/2021\\\/11\\\/Novigrad-Cittanova-Arhiva-TZG-B-11-B.jpg\",\"datePublished\":\"2021-08-19T10:00:43+00:00\",\"dateModified\":\"2022-04-12T07:48:47+00:00\",\"breadcrumb\":{\"@id\":\"https:\\\/\\\/novigrad.hr\\\/it\\\/il-sindaco\\\/competenze-del-sindaco\\\/#breadcrumb\"},\"inLanguage\":\"it-IT\",\"potentialAction\":[{\"@type\":\"ReadAction\",\"target\":[\"https:\\\/\\\/novigrad.hr\\\/it\\\/il-sindaco\\\/competenze-del-sindaco\\\/\"]}]},{\"@type\":\"ImageObject\",\"inLanguage\":\"it-IT\",\"@id\":\"https:\\\/\\\/novigrad.hr\\\/it\\\/il-sindaco\\\/competenze-del-sindaco\\\/#primaryimage\",\"url\":\"https:\\\/\\\/novigrad.hr\\\/media\\\/2021\\\/11\\\/Novigrad-Cittanova-Arhiva-TZG-B-11-B.jpg\",\"contentUrl\":\"https:\\\/\\\/novigrad.hr\\\/media\\\/2021\\\/11\\\/Novigrad-Cittanova-Arhiva-TZG-B-11-B.jpg\",\"width\":920,\"height\":612},{\"@type\":\"BreadcrumbList\",\"@id\":\"https:\\\/\\\/novigrad.hr\\\/it\\\/il-sindaco\\\/competenze-del-sindaco\\\/#breadcrumb\",\"itemListElement\":[{\"@type\":\"ListItem\",\"position\":1,\"name\":\"Home\",\"item\":\"https:\\\/\\\/novigrad.hr\\\/it\\\/\"},{\"@type\":\"ListItem\",\"position\":2,\"name\":\"Sindaco\",\"item\":\"https:\\\/\\\/novigrad.hr\\\/it\\\/il-sindaco\\\/\"},{\"@type\":\"ListItem\",\"position\":3,\"name\":\"Competenze del Sindaco\"}]},{\"@type\":\"WebSite\",\"@id\":\"https:\\\/\\\/novigrad.hr\\\/it\\\/#website\",\"url\":\"https:\\\/\\\/novigrad.hr\\\/it\\\/\",\"name\":\"Grad Novigrad-Cittanova | La Citt\u00e0 di Novigrad-Cittanova\",\"description\":\"Slu\u017ebene stranice Grada Novigrad-Cittanova | Sito ufficiale della Citt\u00e0 di Novigrad - Cittanova\",\"publisher\":{\"@id\":\"https:\\\/\\\/novigrad.hr\\\/it\\\/#organization\"},\"alternateName\":\"Grad Novigrad-Cittanova | La Citt\u00e0 di Novigrad-Cittanova\",\"potentialAction\":[{\"@type\":\"SearchAction\",\"target\":{\"@type\":\"EntryPoint\",\"urlTemplate\":\"https:\\\/\\\/novigrad.hr\\\/it\\\/?s={search_term_string}\"},\"query-input\":{\"@type\":\"PropertyValueSpecification\",\"valueRequired\":true,\"valueName\":\"search_term_string\"}}],\"inLanguage\":\"it-IT\"},{\"@type\":\"Organization\",\"@id\":\"https:\\\/\\\/novigrad.hr\\\/it\\\/#organization\",\"name\":\"Grad Novigrad - Cittanova\",\"url\":\"https:\\\/\\\/novigrad.hr\\\/it\\\/\",\"logo\":{\"@type\":\"ImageObject\",\"inLanguage\":\"it-IT\",\"@id\":\"https:\\\/\\\/novigrad.hr\\\/it\\\/#\\\/schema\\\/logo\\\/image\\\/\",\"url\":\"https:\\\/\\\/novigrad.hr\\\/media\\\/2022\\\/03\\\/NG-CN-logo.png\",\"contentUrl\":\"https:\\\/\\\/novigrad.hr\\\/media\\\/2022\\\/03\\\/NG-CN-logo.png\",\"width\":600,\"height\":100,\"caption\":\"Grad Novigrad - Cittanova\"},\"image\":{\"@id\":\"https:\\\/\\\/novigrad.hr\\\/it\\\/#\\\/schema\\\/logo\\\/image\\\/\"}}]}<\/script>\n<!-- \/ Yoast SEO plugin. -->","yoast_head_json":{"title":"Competenze del Sindaco &#8211; Grad Novigrad-Cittanova | La Citt\u00e0 di Novigrad-Cittanova","robots":{"index":"index","follow":"follow","max-snippet":"max-snippet:-1","max-image-preview":"max-image-preview:large","max-video-preview":"max-video-preview:-1"},"canonical":"https:\/\/novigrad.hr\/it\/il-sindaco\/competenze-del-sindaco\/","og_locale":"it_IT","og_type":"article","og_title":"Competenze del Sindaco &#8211; Grad Novigrad-Cittanova | La Citt\u00e0 di Novigrad-Cittanova","og_description":"Il Sindaco rappresenta la Citta\u2019 ed e\u2019 il portatore del potere esecutivo della Citta\u2019. Il mandato del Sindaco ha la durata di quattro anni. Il sindaco della Citta\u2019 di Novigrad-Cittanova svolge la propria funzione come professione. Nello svolgimento del potere esecutivo il Sindaco: prepara le proposte degli atti generali, esegue e assicura l\u2019esecuzione degli atti [&hellip;]","og_url":"https:\/\/novigrad.hr\/it\/il-sindaco\/competenze-del-sindaco\/","og_site_name":"Grad Novigrad-Cittanova | La Citt\u00e0 di Novigrad-Cittanova","article_modified_time":"2022-04-12T07:48:47+00:00","og_image":[{"width":920,"height":612,"url":"https:\/\/novigrad.hr\/media\/2021\/11\/Novigrad-Cittanova-Arhiva-TZG-B-11-B.jpg","type":"image\/jpeg"}],"twitter_card":"summary_large_image","twitter_misc":{"Tempo di lettura stimato":"2 minuti"},"schema":{"@context":"https:\/\/schema.org","@graph":[{"@type":"WebPage","@id":"https:\/\/novigrad.hr\/it\/il-sindaco\/competenze-del-sindaco\/","url":"https:\/\/novigrad.hr\/it\/il-sindaco\/competenze-del-sindaco\/","name":"Competenze del Sindaco &#8211; Grad Novigrad-Cittanova | La Citt\u00e0 di Novigrad-Cittanova","isPartOf":{"@id":"https:\/\/novigrad.hr\/it\/#website"},"primaryImageOfPage":{"@id":"https:\/\/novigrad.hr\/it\/il-sindaco\/competenze-del-sindaco\/#primaryimage"},"image":{"@id":"https:\/\/novigrad.hr\/it\/il-sindaco\/competenze-del-sindaco\/#primaryimage"},"thumbnailUrl":"https:\/\/novigrad.hr\/media\/2021\/11\/Novigrad-Cittanova-Arhiva-TZG-B-11-B.jpg","datePublished":"2021-08-19T10:00:43+00:00","dateModified":"2022-04-12T07:48:47+00:00","breadcrumb":{"@id":"https:\/\/novigrad.hr\/it\/il-sindaco\/competenze-del-sindaco\/#breadcrumb"},"inLanguage":"it-IT","potentialAction":[{"@type":"ReadAction","target":["https:\/\/novigrad.hr\/it\/il-sindaco\/competenze-del-sindaco\/"]}]},{"@type":"ImageObject","inLanguage":"it-IT","@id":"https:\/\/novigrad.hr\/it\/il-sindaco\/competenze-del-sindaco\/#primaryimage","url":"https:\/\/novigrad.hr\/media\/2021\/11\/Novigrad-Cittanova-Arhiva-TZG-B-11-B.jpg","contentUrl":"https:\/\/novigrad.hr\/media\/2021\/11\/Novigrad-Cittanova-Arhiva-TZG-B-11-B.jpg","width":920,"height":612},{"@type":"BreadcrumbList","@id":"https:\/\/novigrad.hr\/it\/il-sindaco\/competenze-del-sindaco\/#breadcrumb","itemListElement":[{"@type":"ListItem","position":1,"name":"Home","item":"https:\/\/novigrad.hr\/it\/"},{"@type":"ListItem","position":2,"name":"Sindaco","item":"https:\/\/novigrad.hr\/it\/il-sindaco\/"},{"@type":"ListItem","position":3,"name":"Competenze del Sindaco"}]},{"@type":"WebSite","@id":"https:\/\/novigrad.hr\/it\/#website","url":"https:\/\/novigrad.hr\/it\/","name":"Grad Novigrad-Cittanova | La Citt\u00e0 di Novigrad-Cittanova","description":"Slu\u017ebene stranice Grada Novigrad-Cittanova | Sito ufficiale della Citt\u00e0 di Novigrad - Cittanova","publisher":{"@id":"https:\/\/novigrad.hr\/it\/#organization"},"alternateName":"Grad Novigrad-Cittanova | La Citt\u00e0 di Novigrad-Cittanova","potentialAction":[{"@type":"SearchAction","target":{"@type":"EntryPoint","urlTemplate":"https:\/\/novigrad.hr\/it\/?s={search_term_string}"},"query-input":{"@type":"PropertyValueSpecification","valueRequired":true,"valueName":"search_term_string"}}],"inLanguage":"it-IT"},{"@type":"Organization","@id":"https:\/\/novigrad.hr\/it\/#organization","name":"Grad Novigrad - Cittanova","url":"https:\/\/novigrad.hr\/it\/","logo":{"@type":"ImageObject","inLanguage":"it-IT","@id":"https:\/\/novigrad.hr\/it\/#\/schema\/logo\/image\/","url":"https:\/\/novigrad.hr\/media\/2022\/03\/NG-CN-logo.png","contentUrl":"https:\/\/novigrad.hr\/media\/2022\/03\/NG-CN-logo.png","width":600,"height":100,"caption":"Grad Novigrad - Cittanova"},"image":{"@id":"https:\/\/novigrad.hr\/it\/#\/schema\/logo\/image\/"}}]}},"_links":{"self":[{"href":"https:\/\/novigrad.hr\/it\/wp-json\/wp\/v2\/pages\/9804","targetHints":{"allow":["GET"]}}],"collection":[{"href":"https:\/\/novigrad.hr\/it\/wp-json\/wp\/v2\/pages"}],"about":[{"href":"https:\/\/novigrad.hr\/it\/wp-json\/wp\/v2\/types\/page"}],"author":[{"embeddable":true,"href":"https:\/\/novigrad.hr\/it\/wp-json\/wp\/v2\/users\/1"}],"replies":[{"embeddable":true,"href":"https:\/\/novigrad.hr\/it\/wp-json\/wp\/v2\/comments?post=9804"}],"version-history":[{"count":0,"href":"https:\/\/novigrad.hr\/it\/wp-json\/wp\/v2\/pages\/9804\/revisions"}],"up":[{"embeddable":true,"href":"https:\/\/novigrad.hr\/it\/wp-json\/wp\/v2\/pages\/9790"}],"wp:featuredmedia":[{"embeddable":true,"href":"https:\/\/novigrad.hr\/it\/wp-json\/wp\/v2\/media\/9529"}],"wp:attachment":[{"href":"https:\/\/novigrad.hr\/it\/wp-json\/wp\/v2\/media?parent=9804"}],"wp:term":[{"taxonomy":"page-taxonomy","embeddable":true,"href":"https:\/\/novigrad.hr\/it\/wp-json\/wp\/v2\/page-taxonomy?post=9804"}],"curies":[{"name":"wp","href":"https:\/\/api.w.org\/{rel}","templated":true}]}}