{"id":9914,"date":"2021-08-20T17:34:36","date_gmt":"2021-08-20T16:34:36","guid":{"rendered":"https:\/\/novigrad.hr\/consiglio-cittadino-2\/assessorato-per-il-sistema-comunale-lassetto-territoriale-e-la-tutela-ambientale\/"},"modified":"2025-08-07T13:01:20","modified_gmt":"2025-08-07T12:01:20","slug":"assessorato-per-il-sistema-comunale-lassetto-territoriale-e-la-tutela-ambientale","status":"publish","type":"page","link":"https:\/\/novigrad.hr\/it\/lamministrazione-cittadina\/assessorato-per-il-sistema-comunale-lassetto-territoriale-e-la-tutela-ambientale\/","title":{"rendered":"Assessorato per il sistema comunale, l\u2019assetto territoriale e la tutela ambientale"},"content":{"rendered":"\n<p>L&#8217;Assessorato al sistema comunale, assetto territoriale e tutela ambientale svolge le seguenti attivit\u00e0:<\/p>\n\n\n\n<ul class=\"wp-block-list\">\n<li>i lavori di assetto dell&#8217;abitato, di miglioramento della qualit\u00e0 della vita,<\/li>\n\n\n\n<li>di rilascio dei permessi di ubicazione e di costruzione, degli attestati di conferma degli elaborati di lottizzazione, di definizione dei lotti edificabili, dei decreti sulle condizioni di edificazione, di conferma del progetto fondamentale, sullo stato di fatto, dei permessi di agibilit\u00e0 e di rimozione dei fabbricati e degli altri atti che riguardano l&#8217;edificazione e l&#8217;applicazione dei documenti di assetto territoriale,<\/li>\n\n\n\n<li>di costruzione e di manutenzione degli impianti comunali, delle attivit\u00e0 comunali e di prestazione dei servizi,<\/li>\n\n\n\n<li>di costruzione e di manutenzione dell&#8217;infrastruttura comunale, del controllo comunale e altri lavori simili<\/li>\n\n\n\n<li>i lavori di assicurazione delle condizioni per la gestione razionale ed efficace del territorio attraverso la preparazione, l&#8217;esecuzione, l&#8217;attuazione e il controllo dei piani territoriali, la preparazione del terreno all&#8217;edificazione, la tutela ambientale, la salvaguardia dei monumenti storico culturali e altri lavori simili,<\/li>\n\n\n\n<li>i lavori di gestione dell&#8217;infrastruttura comunale e delle aree pubbliche, di gestione dei vani abitativi e lavorativi di propriet\u00e0 della Citt\u00e0 di Novigrad-Cittanova<\/li>\n\n\n\n<li>i lavori di controllo dei veicoli parcheggiati in divieto, i lavori connessi al traffico e alla rimozione forzata dei veicoli parcheggiati in divieto in conformit\u00e0 alla legge<\/li>\n\n\n\n<li>i lavori giuridico patrimoniali<\/li>\n\n\n\n<li>i lavori in merito agli acquisti pubblici per le necessit\u00e0 di tutti gli assessorati.<\/li>\n<\/ul>\n\n\n<style>.wp-block-kadence-spacer.kt-block-spacer-9914_726b90-8e .kt-block-spacer{height:60px;}.wp-block-kadence-spacer.kt-block-spacer-9914_726b90-8e .kt-divider-stripe{height:1px;width:80%;}<\/style>\n<div class=\"wp-block-kadence-spacer aligncenter kt-block-spacer-9914_726b90-8e\"><div class=\"kt-block-spacer kt-block-spacer-halign-center\"><span class=\"kt-divider-stripe\"><svg xmlns=\"http:\/\/www.w3.org\/2000\/svg\" width=\"100%\" height=\"100%\" class=\"kb-pattern-svg-divider kb-stripes-svg\"><defs><pattern id=\"pat9914_726b90-8e\" width=\"7\" height=\"7\" patternTransform=\"rotate(40)\" patternUnits=\"userSpaceOnUse\"><line x1=\"0\" y=\"0\" x2=\"0\" y2=\"7\" stroke=\"#eee\" stroke-width=\"4\"><\/line><\/pattern><\/defs><rect width=\"100%\" height=\"100%\" fill=\"url(#pat9914_726b90-8e)\" opacity=\"1\"><\/rect><\/svg><\/span><\/div><\/div>\n\n\n\n<p>Ana Karlovi\u0107, Assessore<br>Tel. &#8211; Interno: 207<br>Email: <a href=\"mailto:ana.karlovic@novigrad.hr\">ana.karlovic@novigrad.hr<\/a><\/p>\n\n\n\n<p><\/p>\n\n\n\n<p>Ladislav Liovi\u0107, Consulente per la manutenzione dell&#8217;infrastruttura<br>Tel. &#8211; Interno: 216<br>Email: <a href=\"mailto:ladislav.liovic@novigrad.hr\">ladislav.liovic@novigrad.hr<\/a><\/p>\n\n\n\n<p><\/p>\n\n\n\n<p>Fillomena \u0160ahta, Collaboratore professionale superiore per la pianificazione territoriale<br>Tel. &#8211; Interno: 213<br>Email: <a href=\"mailto:fillomena.sahta@novigrad.hr\">fillomena.sahta@novigrad.hr<\/a><\/p>\n\n\n\n<p><\/p>\n\n\n\n<p>Andrea Gavri\u0107 Margeta, Collaboratore professionale superiore per gli affari generali e comunali<br>Tel. &#8211; Interno: 220<br>Email: <a href=\"mailto:andrea.gavric@novigrad.hr\">andrea.gavric@novigrad.hr<\/a><\/p>\n\n\n\n<p>Dalibor Vo\u0161ten, Collaboratore professionale per gli affari comunali e la vigilanza<br>Tel. &#8211; Interno: 220<br>Email: <a href=\"mailto:dalibor.vosten@novigrad.hr\">dalibor.vosten@novigrad.hr<\/a><\/p>\n\n\n\n<p><\/p>\n\n\n\n<p>Sonja Kozlovi\u0107, Referente per gli affari generali e comunali<br>Tel. &#8211; Interno: 218<br>Email: <a href=\"mailto:sonja.kozlovic@novigrad.hr\">sonja.kozlovic@novigrad.hr<\/a><\/p>\n\n\n\n<p><\/p>\n\n\n\n<p>Elvio Petelin, Referente-Guardia municipale<br>Tel. &#8211; Interno: 224<br>Email: <a href=\"mailto:elvio.petelin@novigrad.hr\">elvio.petelin@novigrad.hr<\/a><\/p>\n\n\n\n<p><\/p>\n\n\n\n<p>Josip Deli\u0107, Guardia municipale<br>Tel. &#8211; Interni: 224<br>Email: <a href=\"mailto:josip.delic@novigrad.hr\">josip.delic@novigrad.hr<\/a><\/p>\n\n\n\n<p><\/p>\n\n\n\n<p>Nenad Tomi\u0107, Vigile urbano<br>Tel. &#8211; Interno: 220<br>Email: <a href=\"mailto:nenad.tomic@novigrad.hr\">nenad.tomic@novigrad.hr<\/a><\/p>\n\n\n\n<p>Goran Bro\u0111anac, Vigile urbano<br>Tel. &#8211; Interno: 220<br>Email: <a href=\"mailto:goran.brodanac@novigrad.hr\">goran.brodanac@novigrad.hr<\/a><\/p>\n\n\n<style>.wp-block-kadence-spacer.kt-block-spacer-9914_9dbb27-35 .kt-block-spacer{height:60px;}.wp-block-kadence-spacer.kt-block-spacer-9914_9dbb27-35 .kt-divider-stripe{height:1px;width:80%;}<\/style>\n<div class=\"wp-block-kadence-spacer aligncenter kt-block-spacer-9914_9dbb27-35\"><div class=\"kt-block-spacer kt-block-spacer-halign-center\"><span class=\"kt-divider-stripe\"><svg xmlns=\"http:\/\/www.w3.org\/2000\/svg\" width=\"100%\" height=\"100%\" class=\"kb-pattern-svg-divider kb-stripes-svg\"><defs><pattern id=\"pat9914_9dbb27-35\" width=\"7\" height=\"7\" patternTransform=\"rotate(40)\" patternUnits=\"userSpaceOnUse\"><line x1=\"0\" y=\"0\" x2=\"0\" y2=\"7\" stroke=\"#eee\" stroke-width=\"4\"><\/line><\/pattern><\/defs><rect width=\"100%\" height=\"100%\" fill=\"url(#pat9914_9dbb27-35)\" opacity=\"1\"><\/rect><\/svg><\/span><\/div><\/div>\n\n\n\n<p><\/p>\n","protected":false},"excerpt":{"rendered":"<p>L&#8217;Assessorato al sistema comunale, assetto territoriale e tutela ambientale svolge le seguenti attivit\u00e0: Ana Karlovi\u0107, AssessoreTel. &#8211; Interno: 207Email: ana.karlovic@novigrad.hr Ladislav Liovi\u0107, Consulente per la manutenzione dell&#8217;infrastrutturaTel. &#8211; Interno: 216Email: ladislav.liovic@novigrad.hr Fillomena \u0160ahta, Collaboratore professionale superiore per la pianificazione territorialeTel. &#8211; Interno: 213Email: fillomena.sahta@novigrad.hr Andrea Gavri\u0107 Margeta, Collaboratore professionale superiore per gli affari generali e [&hellip;]<\/p>\n","protected":false},"author":1,"featured_media":0,"parent":9806,"menu_order":0,"comment_status":"closed","ping_status":"closed","template":"","meta":{"footnotes":""},"page-taxonomy":[],"class_list":["post-9914","page","type-page","status-publish","hentry"],"blocksy_meta":{"styles_descriptor":{"styles":{"desktop":"","tablet":"","mobile":""},"google_fonts":[],"version":6},"page_title_panel":"","has_hero_section":"default","534f943d32800831dfda8567d4ed1cb6":"","hero_section":"type-1","hero_elements":[{"id":"custom_title","enabled":true,"heading_tag":"h1","title":"Home"},{"id":"custom_description","enabled":true,"description_visibility":{"desktop":true,"tablet":true,"mobile":false}},{"id":"custom_meta","enabled":false,"meta_elements":[{"id":"author","enabled":true,"label":"By","has_author_avatar":"yes","avatar_size":25},{"id":"post_date","enabled":true,"label":"On","date_format_source":"default","date_format":"M j, Y"},{"id":"updated_date","enabled":false,"label":"On","date_format_source":"default","date_format":"M j, Y"},{"id":"categories","enabled":false,"label":"In","style":"simple"},{"id":"comments","enabled":true}],"page_meta_elements":{"joined":true,"articles_count":true,"comments":true}},{"id":"breadcrumbs","enabled":false}],"cf153b48d0c221037a28709d8aea7304":"","hero_alignment1":"CT_CSS_SKIP_RULE","hero_margin":40,"hero_alignment2":"center","hero_vertical_alignment":"center","3bf9bd76788ba63d802b7cbf6752c97d":"","hero_structure":"narrow","063e4405feebf1401b6b87291d69cd94":"","page_title_bg_type":"featured_image","custom_hero_background":{"attachment_id":null},"parallax":{"desktop":false,"tablet":false,"mobile":false},"84a720a1a2f31848b7ac768e06cb831d":"","hero_height":"250px","pageTitleFont":{"family":"Default","variation":"Default","size":{"desktop":"32px","tablet":"30px","mobile":"25px"},"line-height":"CT_CSS_SKIP_RULE","letter-spacing":"CT_CSS_SKIP_RULE","text-transform":"CT_CSS_SKIP_RULE","text-decoration":"CT_CSS_SKIP_RULE"},"pageTitleFontColor":{"default":{"color":"CT_CSS_SKIP_RULEDEFAULT"}},"pageMetaFont":{"family":"Default","variation":"n6","size":"12px","line-height":"1.3","letter-spacing":"CT_CSS_SKIP_RULE","text-transform":"uppercase","text-decoration":"CT_CSS_SKIP_RULE"},"pageMetaFontColor":{"default":{"color":"CT_CSS_SKIP_RULEDEFAULT"},"hover":{"color":"CT_CSS_SKIP_RULEDEFAULT"}},"page_meta_button_type_font_colors":{"default":{"color":"CT_CSS_SKIP_RULEDEFAULT"},"hover":{"color":"CT_CSS_SKIP_RULEDEFAULT"}},"page_meta_button_type_background_colors":{"default":{"color":"CT_CSS_SKIP_RULEDEFAULT"},"hover":{"color":"CT_CSS_SKIP_RULEDEFAULT"}},"pageExcerptFont":{"family":"Default","variation":"Default","size":"CT_CSS_SKIP_RULE","line-height":"CT_CSS_SKIP_RULE","letter-spacing":"CT_CSS_SKIP_RULE","text-transform":"CT_CSS_SKIP_RULE","text-decoration":"CT_CSS_SKIP_RULE"},"pageExcerptColor":{"default":{"color":"CT_CSS_SKIP_RULEDEFAULT"}},"breadcrumbsFont":{"family":"Default","variation":"Default","size":"CT_CSS_SKIP_RULE","line-height":"CT_CSS_SKIP_RULE","letter-spacing":"CT_CSS_SKIP_RULE","text-transform":"CT_CSS_SKIP_RULE","text-decoration":"CT_CSS_SKIP_RULE"},"breadcrumbsFontColor":{"default":{"color":"CT_CSS_SKIP_RULEDEFAULT"},"initial":{"color":"CT_CSS_SKIP_RULEDEFAULT"},"hover":{"color":"CT_CSS_SKIP_RULEDEFAULT"}},"acf_field_hero_elements":"","typography":{"family":"Default","variation":"Default","size":"CT_CSS_SKIP_RULE","line-height":"CT_CSS_SKIP_RULE","letter-spacing":"CT_CSS_SKIP_RULE","text-transform":"CT_CSS_SKIP_RULE","text-decoration":"CT_CSS_SKIP_RULE"},"color":{"default":{"color":"CT_CSS_SKIP_RULEDEFAULT"},"hover":{"color":"CT_CSS_SKIP_RULEDEFAULT"}},"metabox_field_hero_elements":"","toolset_field_hero_elements":"","jetengine_field_hero_elements":"","pageTitleOverlay":{"default":{"color":"CT_CSS_SKIP_RULE"}},"pageTitleBackground":{"background_type":"color","background_pattern":"type-1","background_image":{"attachment_id":null,"x":0,"y":0},"gradient":"linear-gradient(135deg,rgba(6,147,227,1) 0%,rgb(155,81,224) 100%)","background_repeat":"no-repeat","background_size":"auto","background_attachment":"scroll","patternColor":{"default":{"color":"#e5e7ea"}},"overlayColor":{"default":{"color":"CT_CSS_SKIP_RULE"}},"backgroundColor":{"default":{"color":"var(--theme-palette-color-6)"}}},"pageTitlePadding":{"top":"50px","bottom":"50px","left":"auto","right":"auto","linked":true},"8bc34f5858ae62502540096abcd1bb61":"","page_structure_type":"type-1","7a893e573a8adc7ad15b91787df40951":"","content_style_source":"inherit","content_style":"wide","vertical_spacing_source":"inherit","content_area_spacing":"both","background":{"background_type":"color","background_pattern":"type-1","background_image":{"attachment_id":null,"x":0,"y":0},"gradient":"linear-gradient(135deg,rgba(6,147,227,1) 0%,rgb(155,81,224) 100%)","background_repeat":"no-repeat","background_size":"auto","background_attachment":"scroll","patternColor":{"default":{"color":"#e5e7ea"}},"overlayColor":{"default":{"color":"CT_CSS_SKIP_RULE"}},"backgroundColor":{"default":{"color":"CT_CSS_SKIP_RULE"}}},"content_background":{"background_type":"color","background_pattern":"type-1","background_image":{"attachment_id":null,"x":0,"y":0},"gradient":"linear-gradient(135deg,rgba(6,147,227,1) 0%,rgb(155,81,224) 100%)","background_repeat":"no-repeat","background_size":"auto","background_attachment":"scroll","patternColor":{"default":{"color":"#e5e7ea"}},"overlayColor":{"default":{"color":"CT_CSS_SKIP_RULE"}},"backgroundColor":{"default":{"color":"var(--theme-palette-color-8)"}}},"content_boxed_shadow":{"inherit":false,"blur":18,"spread":-6,"v_offset":12,"h_offset":0,"inset":false,"enable":true,"color":{"color":"rgba(34, 56, 101, 0.04)"}},"boxed_content_spacing":{"desktop":{"top":"40px","bottom":"40px","left":"40px","right":"40px","linked":true},"tablet":{"top":"35px","bottom":"35px","left":"35px","right":"35px","linked":true},"mobile":{"top":"20px","bottom":"20px","left":"20px","right":"20px","linked":true}},"content_boxed_radius":{"top":"3px","bottom":"3px","left":"3px","right":"3px","linked":true},"6be3ad4d37e3ab24ef5bb7f610597ffa":"","disable_featured_image":"no","disable_header":"no","disable_footer":"no"},"yoast_head":"<!-- This site is optimized with the Yoast SEO plugin v27.3 - https:\/\/yoast.com\/product\/yoast-seo-wordpress\/ -->\n<title>Assessorato per il sistema comunale, l\u2019assetto territoriale e la tutela ambientale &#8211; Grad Novigrad-Cittanova | La Citt\u00e0 di Novigrad-Cittanova<\/title>\n<meta name=\"robots\" content=\"index, follow, max-snippet:-1, max-image-preview:large, max-video-preview:-1\" \/>\n<link rel=\"canonical\" href=\"https:\/\/novigrad.hr\/it\/lamministrazione-cittadina\/assessorato-per-il-sistema-comunale-lassetto-territoriale-e-la-tutela-ambientale\/\" \/>\n<meta property=\"og:locale\" content=\"it_IT\" \/>\n<meta property=\"og:type\" content=\"article\" \/>\n<meta property=\"og:title\" content=\"Assessorato per il sistema comunale, l\u2019assetto territoriale e la tutela ambientale &#8211; Grad Novigrad-Cittanova | La Citt\u00e0 di Novigrad-Cittanova\" \/>\n<meta property=\"og:description\" content=\"L&#8217;Assessorato al sistema comunale, assetto territoriale e tutela ambientale svolge le seguenti attivit\u00e0: Ana Karlovi\u0107, AssessoreTel. &#8211; Interno: 207Email: ana.karlovic@novigrad.hr Ladislav Liovi\u0107, Consulente per la manutenzione dell&#8217;infrastrutturaTel. &#8211; Interno: 216Email: ladislav.liovic@novigrad.hr Fillomena \u0160ahta, Collaboratore professionale superiore per la pianificazione territorialeTel. &#8211; Interno: 213Email: fillomena.sahta@novigrad.hr Andrea Gavri\u0107 Margeta, Collaboratore professionale superiore per gli affari generali e [&hellip;]\" \/>\n<meta property=\"og:url\" content=\"https:\/\/novigrad.hr\/it\/lamministrazione-cittadina\/assessorato-per-il-sistema-comunale-lassetto-territoriale-e-la-tutela-ambientale\/\" \/>\n<meta property=\"og:site_name\" content=\"Grad Novigrad-Cittanova | La Citt\u00e0 di Novigrad-Cittanova\" \/>\n<meta property=\"article:modified_time\" content=\"2025-08-07T12:01:20+00:00\" \/>\n<meta property=\"og:image\" content=\"https:\/\/novigrad.hr\/media\/2022\/03\/NG-CN-logo.png\" \/>\n\t<meta property=\"og:image:width\" content=\"600\" \/>\n\t<meta property=\"og:image:height\" content=\"100\" \/>\n\t<meta property=\"og:image:type\" content=\"image\/png\" \/>\n<meta name=\"twitter:card\" content=\"summary_large_image\" \/>\n<meta name=\"twitter:label1\" content=\"Tempo di lettura stimato\" \/>\n\t<meta name=\"twitter:data1\" content=\"2 minuti\" \/>\n<script type=\"application\/ld+json\" class=\"yoast-schema-graph\">{\"@context\":\"https:\\\/\\\/schema.org\",\"@graph\":[{\"@type\":\"WebPage\",\"@id\":\"https:\\\/\\\/novigrad.hr\\\/it\\\/lamministrazione-cittadina\\\/assessorato-per-il-sistema-comunale-lassetto-territoriale-e-la-tutela-ambientale\\\/\",\"url\":\"https:\\\/\\\/novigrad.hr\\\/it\\\/lamministrazione-cittadina\\\/assessorato-per-il-sistema-comunale-lassetto-territoriale-e-la-tutela-ambientale\\\/\",\"name\":\"Assessorato per il sistema comunale, l\u2019assetto territoriale e la tutela ambientale &#8211; Grad Novigrad-Cittanova | La Citt\u00e0 di Novigrad-Cittanova\",\"isPartOf\":{\"@id\":\"https:\\\/\\\/novigrad.hr\\\/it\\\/#website\"},\"datePublished\":\"2021-08-20T16:34:36+00:00\",\"dateModified\":\"2025-08-07T12:01:20+00:00\",\"breadcrumb\":{\"@id\":\"https:\\\/\\\/novigrad.hr\\\/it\\\/lamministrazione-cittadina\\\/assessorato-per-il-sistema-comunale-lassetto-territoriale-e-la-tutela-ambientale\\\/#breadcrumb\"},\"inLanguage\":\"it-IT\",\"potentialAction\":[{\"@type\":\"ReadAction\",\"target\":[\"https:\\\/\\\/novigrad.hr\\\/it\\\/lamministrazione-cittadina\\\/assessorato-per-il-sistema-comunale-lassetto-territoriale-e-la-tutela-ambientale\\\/\"]}]},{\"@type\":\"BreadcrumbList\",\"@id\":\"https:\\\/\\\/novigrad.hr\\\/it\\\/lamministrazione-cittadina\\\/assessorato-per-il-sistema-comunale-lassetto-territoriale-e-la-tutela-ambientale\\\/#breadcrumb\",\"itemListElement\":[{\"@type\":\"ListItem\",\"position\":1,\"name\":\"Home\",\"item\":\"https:\\\/\\\/novigrad.hr\\\/it\\\/\"},{\"@type\":\"ListItem\",\"position\":2,\"name\":\"Amministrazione cittadina\",\"item\":\"https:\\\/\\\/novigrad.hr\\\/it\\\/lamministrazione-cittadina\\\/\"},{\"@type\":\"ListItem\",\"position\":3,\"name\":\"Assessorato per il sistema comunale, l\u2019assetto territoriale e la tutela ambientale\"}]},{\"@type\":\"WebSite\",\"@id\":\"https:\\\/\\\/novigrad.hr\\\/it\\\/#website\",\"url\":\"https:\\\/\\\/novigrad.hr\\\/it\\\/\",\"name\":\"Grad Novigrad-Cittanova | La Citt\u00e0 di Novigrad-Cittanova\",\"description\":\"Slu\u017ebene stranice Grada Novigrad-Cittanova | Sito ufficiale della Citt\u00e0 di Novigrad - Cittanova\",\"publisher\":{\"@id\":\"https:\\\/\\\/novigrad.hr\\\/it\\\/#organization\"},\"alternateName\":\"Grad Novigrad-Cittanova | La Citt\u00e0 di Novigrad-Cittanova\",\"potentialAction\":[{\"@type\":\"SearchAction\",\"target\":{\"@type\":\"EntryPoint\",\"urlTemplate\":\"https:\\\/\\\/novigrad.hr\\\/it\\\/?s={search_term_string}\"},\"query-input\":{\"@type\":\"PropertyValueSpecification\",\"valueRequired\":true,\"valueName\":\"search_term_string\"}}],\"inLanguage\":\"it-IT\"},{\"@type\":\"Organization\",\"@id\":\"https:\\\/\\\/novigrad.hr\\\/it\\\/#organization\",\"name\":\"Grad Novigrad - Cittanova\",\"url\":\"https:\\\/\\\/novigrad.hr\\\/it\\\/\",\"logo\":{\"@type\":\"ImageObject\",\"inLanguage\":\"it-IT\",\"@id\":\"https:\\\/\\\/novigrad.hr\\\/it\\\/#\\\/schema\\\/logo\\\/image\\\/\",\"url\":\"https:\\\/\\\/novigrad.hr\\\/media\\\/2022\\\/03\\\/NG-CN-logo.png\",\"contentUrl\":\"https:\\\/\\\/novigrad.hr\\\/media\\\/2022\\\/03\\\/NG-CN-logo.png\",\"width\":600,\"height\":100,\"caption\":\"Grad Novigrad - Cittanova\"},\"image\":{\"@id\":\"https:\\\/\\\/novigrad.hr\\\/it\\\/#\\\/schema\\\/logo\\\/image\\\/\"}}]}<\/script>\n<!-- \/ Yoast SEO plugin. -->","yoast_head_json":{"title":"Assessorato per il sistema comunale, l\u2019assetto territoriale e la tutela ambientale &#8211; Grad Novigrad-Cittanova | La Citt\u00e0 di Novigrad-Cittanova","robots":{"index":"index","follow":"follow","max-snippet":"max-snippet:-1","max-image-preview":"max-image-preview:large","max-video-preview":"max-video-preview:-1"},"canonical":"https:\/\/novigrad.hr\/it\/lamministrazione-cittadina\/assessorato-per-il-sistema-comunale-lassetto-territoriale-e-la-tutela-ambientale\/","og_locale":"it_IT","og_type":"article","og_title":"Assessorato per il sistema comunale, l\u2019assetto territoriale e la tutela ambientale &#8211; Grad Novigrad-Cittanova | La Citt\u00e0 di Novigrad-Cittanova","og_description":"L&#8217;Assessorato al sistema comunale, assetto territoriale e tutela ambientale svolge le seguenti attivit\u00e0: Ana Karlovi\u0107, AssessoreTel. &#8211; Interno: 207Email: ana.karlovic@novigrad.hr Ladislav Liovi\u0107, Consulente per la manutenzione dell&#8217;infrastrutturaTel. &#8211; Interno: 216Email: ladislav.liovic@novigrad.hr Fillomena \u0160ahta, Collaboratore professionale superiore per la pianificazione territorialeTel. &#8211; Interno: 213Email: fillomena.sahta@novigrad.hr Andrea Gavri\u0107 Margeta, Collaboratore professionale superiore per gli affari generali e [&hellip;]","og_url":"https:\/\/novigrad.hr\/it\/lamministrazione-cittadina\/assessorato-per-il-sistema-comunale-lassetto-territoriale-e-la-tutela-ambientale\/","og_site_name":"Grad Novigrad-Cittanova | La Citt\u00e0 di Novigrad-Cittanova","article_modified_time":"2025-08-07T12:01:20+00:00","og_image":[{"width":600,"height":100,"url":"https:\/\/novigrad.hr\/media\/2022\/03\/NG-CN-logo.png","type":"image\/png"}],"twitter_card":"summary_large_image","twitter_misc":{"Tempo di lettura stimato":"2 minuti"},"schema":{"@context":"https:\/\/schema.org","@graph":[{"@type":"WebPage","@id":"https:\/\/novigrad.hr\/it\/lamministrazione-cittadina\/assessorato-per-il-sistema-comunale-lassetto-territoriale-e-la-tutela-ambientale\/","url":"https:\/\/novigrad.hr\/it\/lamministrazione-cittadina\/assessorato-per-il-sistema-comunale-lassetto-territoriale-e-la-tutela-ambientale\/","name":"Assessorato per il sistema comunale, l\u2019assetto territoriale e la tutela ambientale &#8211; Grad Novigrad-Cittanova | La Citt\u00e0 di Novigrad-Cittanova","isPartOf":{"@id":"https:\/\/novigrad.hr\/it\/#website"},"datePublished":"2021-08-20T16:34:36+00:00","dateModified":"2025-08-07T12:01:20+00:00","breadcrumb":{"@id":"https:\/\/novigrad.hr\/it\/lamministrazione-cittadina\/assessorato-per-il-sistema-comunale-lassetto-territoriale-e-la-tutela-ambientale\/#breadcrumb"},"inLanguage":"it-IT","potentialAction":[{"@type":"ReadAction","target":["https:\/\/novigrad.hr\/it\/lamministrazione-cittadina\/assessorato-per-il-sistema-comunale-lassetto-territoriale-e-la-tutela-ambientale\/"]}]},{"@type":"BreadcrumbList","@id":"https:\/\/novigrad.hr\/it\/lamministrazione-cittadina\/assessorato-per-il-sistema-comunale-lassetto-territoriale-e-la-tutela-ambientale\/#breadcrumb","itemListElement":[{"@type":"ListItem","position":1,"name":"Home","item":"https:\/\/novigrad.hr\/it\/"},{"@type":"ListItem","position":2,"name":"Amministrazione cittadina","item":"https:\/\/novigrad.hr\/it\/lamministrazione-cittadina\/"},{"@type":"ListItem","position":3,"name":"Assessorato per il sistema comunale, l\u2019assetto territoriale e la tutela ambientale"}]},{"@type":"WebSite","@id":"https:\/\/novigrad.hr\/it\/#website","url":"https:\/\/novigrad.hr\/it\/","name":"Grad Novigrad-Cittanova | La Citt\u00e0 di Novigrad-Cittanova","description":"Slu\u017ebene stranice Grada Novigrad-Cittanova | Sito ufficiale della Citt\u00e0 di Novigrad - Cittanova","publisher":{"@id":"https:\/\/novigrad.hr\/it\/#organization"},"alternateName":"Grad Novigrad-Cittanova | La Citt\u00e0 di Novigrad-Cittanova","potentialAction":[{"@type":"SearchAction","target":{"@type":"EntryPoint","urlTemplate":"https:\/\/novigrad.hr\/it\/?s={search_term_string}"},"query-input":{"@type":"PropertyValueSpecification","valueRequired":true,"valueName":"search_term_string"}}],"inLanguage":"it-IT"},{"@type":"Organization","@id":"https:\/\/novigrad.hr\/it\/#organization","name":"Grad Novigrad - Cittanova","url":"https:\/\/novigrad.hr\/it\/","logo":{"@type":"ImageObject","inLanguage":"it-IT","@id":"https:\/\/novigrad.hr\/it\/#\/schema\/logo\/image\/","url":"https:\/\/novigrad.hr\/media\/2022\/03\/NG-CN-logo.png","contentUrl":"https:\/\/novigrad.hr\/media\/2022\/03\/NG-CN-logo.png","width":600,"height":100,"caption":"Grad Novigrad - Cittanova"},"image":{"@id":"https:\/\/novigrad.hr\/it\/#\/schema\/logo\/image\/"}}]}},"_links":{"self":[{"href":"https:\/\/novigrad.hr\/it\/wp-json\/wp\/v2\/pages\/9914","targetHints":{"allow":["GET"]}}],"collection":[{"href":"https:\/\/novigrad.hr\/it\/wp-json\/wp\/v2\/pages"}],"about":[{"href":"https:\/\/novigrad.hr\/it\/wp-json\/wp\/v2\/types\/page"}],"author":[{"embeddable":true,"href":"https:\/\/novigrad.hr\/it\/wp-json\/wp\/v2\/users\/1"}],"replies":[{"embeddable":true,"href":"https:\/\/novigrad.hr\/it\/wp-json\/wp\/v2\/comments?post=9914"}],"version-history":[{"count":0,"href":"https:\/\/novigrad.hr\/it\/wp-json\/wp\/v2\/pages\/9914\/revisions"}],"up":[{"embeddable":true,"href":"https:\/\/novigrad.hr\/it\/wp-json\/wp\/v2\/pages\/9806"}],"wp:attachment":[{"href":"https:\/\/novigrad.hr\/it\/wp-json\/wp\/v2\/media?parent=9914"}],"wp:term":[{"taxonomy":"page-taxonomy","embeddable":true,"href":"https:\/\/novigrad.hr\/it\/wp-json\/wp\/v2\/page-taxonomy?post=9914"}],"curies":[{"name":"wp","href":"https:\/\/api.w.org\/{rel}","templated":true}]}}