{"id":9920,"date":"2022-03-16T06:51:08","date_gmt":"2022-03-16T05:51:08","guid":{"rendered":"https:\/\/novigrad.hr\/consiglio-cittadino-2\/assessorato-per-gli-affari-dellufficio-del-sindaco-gli-affari-generali-e-le-attivita-sociali\/sezione-per-gli-affari-legali\/"},"modified":"2024-07-25T07:12:23","modified_gmt":"2024-07-25T06:12:23","slug":"sezione-per-gli-affari-legali","status":"publish","type":"page","link":"https:\/\/novigrad.hr\/it\/lamministrazione-cittadina\/assessorato-per-gli-affari-dellufficio-del-sindaco-gli-affari-generali-e-le-attivita-sociali\/sezione-per-gli-affari-legali\/","title":{"rendered":"Sezione per gli affari legali"},"content":{"rendered":"\n<p>Sania Bla\u0161ki\u0107, Consulente affari legali I<br>Tel. &#8211; Interno: 209<br>Email: <a href=\"mailto:sania.blaskic@novigrad.hr\" target=\"_blank\" rel=\"noreferrer noopener\">sania.blaskic@novigrad.hr<\/a><\/p>\n\n\n\n<p>Maja Zornada, Consulente affari legali II<br>Tel. &#8211; Interno: 225<br>Email: <a href=\"mailto:sania.blaskic@novigrad.hr\" target=\"_blank\" rel=\"noreferrer noopener\">sania.blaskic@novigrad.hr<\/a><\/p>\n","protected":false},"excerpt":{"rendered":"<p>Sania Bla\u0161ki\u0107, Consulente affari legali ITel. &#8211; Interno: 209Email: sania.blaskic@novigrad.hr Maja Zornada, Consulente affari legali IITel. &#8211; Interno: 225Email: sania.blaskic@novigrad.hr<\/p>\n","protected":false},"author":1,"featured_media":0,"parent":9918,"menu_order":0,"comment_status":"closed","ping_status":"closed","template":"","meta":{"footnotes":""},"page-taxonomy":[],"class_list":["post-9920","page","type-page","status-publish","hentry"],"blocksy_meta":{"styles_descriptor":{"styles":{"desktop":"","tablet":"","mobile":""},"google_fonts":[],"version":6},"page_title_panel":"","has_hero_section":"default","58c61eaddc8f0303a481f7a4b9c52d93":"","hero_section":"type-1","hero_elements":[{"id":"custom_title","enabled":true,"heading_tag":"h1","title":"Home"},{"id":"custom_description","enabled":true,"description_visibility":{"desktop":true,"tablet":true,"mobile":false}},{"id":"custom_meta","enabled":false,"meta_elements":[{"id":"author","enabled":true,"label":"By","has_author_avatar":"yes","avatar_size":25},{"id":"post_date","enabled":true,"label":"On","date_format_source":"default","date_format":"M j, Y"},{"id":"updated_date","enabled":false,"label":"On","date_format_source":"default","date_format":"M j, Y"},{"id":"categories","enabled":false,"label":"In","style":"simple"},{"id":"comments","enabled":true}],"page_meta_elements":{"joined":true,"articles_count":true,"comments":true}},{"id":"breadcrumbs","enabled":false}],"f15953ae0e488f8e6d16c0230b46506c":"","hero_alignment1":"CT_CSS_SKIP_RULE","hero_margin":40,"hero_alignment2":"center","hero_vertical_alignment":"center","ba5b8ee383b535ccd843c306d90b061f":"","hero_structure":"narrow","b6578e5c7f26c7bb5540a500efb6f843":"","page_title_bg_type":"featured_image","custom_hero_background":{"attachment_id":null},"parallax":{"desktop":false,"tablet":false,"mobile":false},"d3cb519e869444e949acd7c46030b3a4":"","hero_height":"250px","pageTitleFont":{"family":"Default","variation":"Default","size":"30px","line-height":"CT_CSS_SKIP_RULE","letter-spacing":"CT_CSS_SKIP_RULE","text-transform":"CT_CSS_SKIP_RULE","text-decoration":"CT_CSS_SKIP_RULE"},"pageTitleFontColor":{"default":{"color":"CT_CSS_SKIP_RULEDEFAULT"}},"pageMetaFont":{"family":"Default","variation":"n6","size":"12px","line-height":"1.3","letter-spacing":"CT_CSS_SKIP_RULE","text-transform":"uppercase","text-decoration":"CT_CSS_SKIP_RULE"},"pageMetaFontColor":{"default":{"color":"CT_CSS_SKIP_RULEDEFAULT"},"hover":{"color":"CT_CSS_SKIP_RULEDEFAULT"}},"page_meta_button_type_font_colors":{"default":{"color":"CT_CSS_SKIP_RULEDEFAULT"},"hover":{"color":"CT_CSS_SKIP_RULEDEFAULT"}},"page_meta_button_type_background_colors":{"default":{"color":"CT_CSS_SKIP_RULEDEFAULT"},"hover":{"color":"CT_CSS_SKIP_RULEDEFAULT"}},"pageExcerptFont":{"family":"Default","variation":"Default","size":"CT_CSS_SKIP_RULE","line-height":"CT_CSS_SKIP_RULE","letter-spacing":"CT_CSS_SKIP_RULE","text-transform":"CT_CSS_SKIP_RULE","text-decoration":"CT_CSS_SKIP_RULE"},"pageExcerptColor":{"default":{"color":"CT_CSS_SKIP_RULEDEFAULT"}},"breadcrumbsFont":{"family":"Default","variation":"Default","size":"CT_CSS_SKIP_RULE","line-height":"CT_CSS_SKIP_RULE","letter-spacing":"CT_CSS_SKIP_RULE","text-transform":"CT_CSS_SKIP_RULE","text-decoration":"CT_CSS_SKIP_RULE"},"breadcrumbsFontColor":{"default":{"color":"CT_CSS_SKIP_RULEDEFAULT"},"initial":{"color":"CT_CSS_SKIP_RULEDEFAULT"},"hover":{"color":"CT_CSS_SKIP_RULEDEFAULT"}},"acf_field_hero_elements":"","typography":{"family":"Default","variation":"Default","size":"CT_CSS_SKIP_RULE","line-height":"CT_CSS_SKIP_RULE","letter-spacing":"CT_CSS_SKIP_RULE","text-transform":"CT_CSS_SKIP_RULE","text-decoration":"CT_CSS_SKIP_RULE"},"color":{"default":{"color":"CT_CSS_SKIP_RULEDEFAULT"},"hover":{"color":"CT_CSS_SKIP_RULEDEFAULT"}},"metabox_field_hero_elements":"","toolset_field_hero_elements":"","jetengine_field_hero_elements":"","custom_field_hero_elements":"","pageTitleOverlay":{"background_type":"color","background_pattern":"type-1","background_image":{"attachment_id":null,"x":0,"y":0},"gradient":"linear-gradient(135deg,rgba(6,147,227,1) 0%,rgb(155,81,224) 100%)","background_repeat":"repeat","background_size":"auto","background_attachment":"scroll","patternColor":{"default":{"color":"#e5e7ea"}},"overlayColor":{"default":{"color":"CT_CSS_SKIP_RULE"}},"backgroundColor":{"default":{"color":"CT_CSS_SKIP_RULE"}}},"pageTitleBackground":{"background_type":"color","background_pattern":"type-1","background_image":{"attachment_id":null,"x":0,"y":0},"gradient":"linear-gradient(135deg,rgba(6,147,227,1) 0%,rgb(155,81,224) 100%)","background_repeat":"repeat","background_size":"auto","background_attachment":"scroll","patternColor":{"default":{"color":"#e5e7ea"}},"overlayColor":{"default":{"color":"CT_CSS_SKIP_RULE"}},"backgroundColor":{"default":{"color":"var(--theme-palette-color-6)"}}},"pageTitlePadding":{"top":"50px","bottom":"50px","left":"auto","right":"auto","linked":true},"937ef2c5eeedca3d830d3f83d2c392ec":"","page_structure_type":"type-1","989ae1aeab9c199d7b19df2b9d3f2c9b":"","content_style_source":"inherit","content_style":"wide","vertical_spacing_source":"inherit","content_area_spacing":"both","background":{"background_type":"color","background_pattern":"type-1","background_image":{"attachment_id":null,"x":0,"y":0},"gradient":"linear-gradient(135deg,rgba(6,147,227,1) 0%,rgb(155,81,224) 100%)","background_repeat":"repeat","background_size":"auto","background_attachment":"scroll","patternColor":{"default":{"color":"#e5e7ea"}},"overlayColor":{"default":{"color":"CT_CSS_SKIP_RULE"}},"backgroundColor":{"default":{"color":"CT_CSS_SKIP_RULE"}}},"content_background":{"background_type":"color","background_pattern":"type-1","background_image":{"attachment_id":null,"x":0,"y":0},"gradient":"linear-gradient(135deg,rgba(6,147,227,1) 0%,rgb(155,81,224) 100%)","background_repeat":"repeat","background_size":"auto","background_attachment":"scroll","patternColor":{"default":{"color":"#e5e7ea"}},"overlayColor":{"default":{"color":"CT_CSS_SKIP_RULE"}},"backgroundColor":{"default":{"color":"var(--theme-palette-color-8)"}}},"content_boxed_shadow":{"inherit":false,"blur":18,"spread":-6,"v_offset":12,"h_offset":0,"inset":false,"enable":true,"color":{"color":"rgba(34, 56, 101, 0.04)"}},"boxed_content_spacing":{"desktop":{"top":"40px","bottom":"40px","left":"40px","right":"40px","linked":true},"tablet":{"top":"35px","bottom":"35px","left":"35px","right":"35px","linked":true},"mobile":{"top":"20px","bottom":"20px","left":"20px","right":"20px","linked":true}},"content_boxed_radius":{"top":"3px","bottom":"3px","left":"3px","right":"3px","linked":true},"1418631a0e2e551d2e5681f6d647822a":"","disable_featured_image":"no","disable_share_box":"no","disable_header":"no","disable_footer":"no"},"yoast_head":"<!-- This site is optimized with the Yoast SEO plugin v27.3 - https:\/\/yoast.com\/product\/yoast-seo-wordpress\/ -->\n<title>Sezione per gli affari legali &#8211; Grad Novigrad-Cittanova | La Citt\u00e0 di Novigrad-Cittanova<\/title>\n<meta name=\"robots\" content=\"index, follow, max-snippet:-1, max-image-preview:large, max-video-preview:-1\" \/>\n<link rel=\"canonical\" href=\"https:\/\/novigrad.hr\/it\/lamministrazione-cittadina\/assessorato-per-gli-affari-dellufficio-del-sindaco-gli-affari-generali-e-le-attivita-sociali\/sezione-per-gli-affari-legali\/\" \/>\n<meta property=\"og:locale\" content=\"it_IT\" \/>\n<meta property=\"og:type\" content=\"article\" \/>\n<meta property=\"og:title\" content=\"Sezione per gli affari legali &#8211; Grad Novigrad-Cittanova | La Citt\u00e0 di Novigrad-Cittanova\" \/>\n<meta property=\"og:description\" content=\"Sania Bla\u0161ki\u0107, Consulente affari legali ITel. &#8211; Interno: 209Email: sania.blaskic@novigrad.hr Maja Zornada, Consulente affari legali IITel. &#8211; Interno: 225Email: sania.blaskic@novigrad.hr\" \/>\n<meta property=\"og:url\" content=\"https:\/\/novigrad.hr\/it\/lamministrazione-cittadina\/assessorato-per-gli-affari-dellufficio-del-sindaco-gli-affari-generali-e-le-attivita-sociali\/sezione-per-gli-affari-legali\/\" \/>\n<meta property=\"og:site_name\" content=\"Grad Novigrad-Cittanova | La Citt\u00e0 di Novigrad-Cittanova\" \/>\n<meta property=\"article:modified_time\" content=\"2024-07-25T06:12:23+00:00\" \/>\n<meta property=\"og:image\" content=\"https:\/\/novigrad.hr\/media\/2022\/03\/NG-CN-logo.png\" \/>\n\t<meta property=\"og:image:width\" content=\"600\" \/>\n\t<meta property=\"og:image:height\" content=\"100\" \/>\n\t<meta property=\"og:image:type\" content=\"image\/png\" \/>\n<meta name=\"twitter:card\" content=\"summary_large_image\" \/>\n<script type=\"application\/ld+json\" class=\"yoast-schema-graph\">{\"@context\":\"https:\\\/\\\/schema.org\",\"@graph\":[{\"@type\":\"WebPage\",\"@id\":\"https:\\\/\\\/novigrad.hr\\\/it\\\/lamministrazione-cittadina\\\/assessorato-per-gli-affari-dellufficio-del-sindaco-gli-affari-generali-e-le-attivita-sociali\\\/sezione-per-gli-affari-legali\\\/\",\"url\":\"https:\\\/\\\/novigrad.hr\\\/it\\\/lamministrazione-cittadina\\\/assessorato-per-gli-affari-dellufficio-del-sindaco-gli-affari-generali-e-le-attivita-sociali\\\/sezione-per-gli-affari-legali\\\/\",\"name\":\"Sezione per gli affari legali &#8211; Grad Novigrad-Cittanova | La Citt\u00e0 di Novigrad-Cittanova\",\"isPartOf\":{\"@id\":\"https:\\\/\\\/novigrad.hr\\\/it\\\/#website\"},\"datePublished\":\"2022-03-16T05:51:08+00:00\",\"dateModified\":\"2024-07-25T06:12:23+00:00\",\"breadcrumb\":{\"@id\":\"https:\\\/\\\/novigrad.hr\\\/it\\\/lamministrazione-cittadina\\\/assessorato-per-gli-affari-dellufficio-del-sindaco-gli-affari-generali-e-le-attivita-sociali\\\/sezione-per-gli-affari-legali\\\/#breadcrumb\"},\"inLanguage\":\"it-IT\",\"potentialAction\":[{\"@type\":\"ReadAction\",\"target\":[\"https:\\\/\\\/novigrad.hr\\\/it\\\/lamministrazione-cittadina\\\/assessorato-per-gli-affari-dellufficio-del-sindaco-gli-affari-generali-e-le-attivita-sociali\\\/sezione-per-gli-affari-legali\\\/\"]}]},{\"@type\":\"BreadcrumbList\",\"@id\":\"https:\\\/\\\/novigrad.hr\\\/it\\\/lamministrazione-cittadina\\\/assessorato-per-gli-affari-dellufficio-del-sindaco-gli-affari-generali-e-le-attivita-sociali\\\/sezione-per-gli-affari-legali\\\/#breadcrumb\",\"itemListElement\":[{\"@type\":\"ListItem\",\"position\":1,\"name\":\"Home\",\"item\":\"https:\\\/\\\/novigrad.hr\\\/it\\\/\"},{\"@type\":\"ListItem\",\"position\":2,\"name\":\"Amministrazione cittadina\",\"item\":\"https:\\\/\\\/novigrad.hr\\\/it\\\/lamministrazione-cittadina\\\/\"},{\"@type\":\"ListItem\",\"position\":3,\"name\":\"Assessorato per gli affari dell\u2019ufficio del sindaco, gli affari generali e le attivita\u2019 sociali\",\"item\":\"https:\\\/\\\/novigrad.hr\\\/it\\\/lamministrazione-cittadina\\\/assessorato-per-gli-affari-dellufficio-del-sindaco-gli-affari-generali-e-le-attivita-sociali\\\/\"},{\"@type\":\"ListItem\",\"position\":4,\"name\":\"Sezione per gli affari legali\"}]},{\"@type\":\"WebSite\",\"@id\":\"https:\\\/\\\/novigrad.hr\\\/it\\\/#website\",\"url\":\"https:\\\/\\\/novigrad.hr\\\/it\\\/\",\"name\":\"Grad Novigrad-Cittanova | La Citt\u00e0 di Novigrad-Cittanova\",\"description\":\"Slu\u017ebene stranice Grada Novigrad-Cittanova | Sito ufficiale della Citt\u00e0 di Novigrad - Cittanova\",\"publisher\":{\"@id\":\"https:\\\/\\\/novigrad.hr\\\/it\\\/#organization\"},\"alternateName\":\"Grad Novigrad-Cittanova | La Citt\u00e0 di Novigrad-Cittanova\",\"potentialAction\":[{\"@type\":\"SearchAction\",\"target\":{\"@type\":\"EntryPoint\",\"urlTemplate\":\"https:\\\/\\\/novigrad.hr\\\/it\\\/?s={search_term_string}\"},\"query-input\":{\"@type\":\"PropertyValueSpecification\",\"valueRequired\":true,\"valueName\":\"search_term_string\"}}],\"inLanguage\":\"it-IT\"},{\"@type\":\"Organization\",\"@id\":\"https:\\\/\\\/novigrad.hr\\\/it\\\/#organization\",\"name\":\"Grad Novigrad - Cittanova\",\"url\":\"https:\\\/\\\/novigrad.hr\\\/it\\\/\",\"logo\":{\"@type\":\"ImageObject\",\"inLanguage\":\"it-IT\",\"@id\":\"https:\\\/\\\/novigrad.hr\\\/it\\\/#\\\/schema\\\/logo\\\/image\\\/\",\"url\":\"https:\\\/\\\/novigrad.hr\\\/media\\\/2022\\\/03\\\/NG-CN-logo.png\",\"contentUrl\":\"https:\\\/\\\/novigrad.hr\\\/media\\\/2022\\\/03\\\/NG-CN-logo.png\",\"width\":600,\"height\":100,\"caption\":\"Grad Novigrad - Cittanova\"},\"image\":{\"@id\":\"https:\\\/\\\/novigrad.hr\\\/it\\\/#\\\/schema\\\/logo\\\/image\\\/\"}}]}<\/script>\n<!-- \/ Yoast SEO plugin. -->","yoast_head_json":{"title":"Sezione per gli affari legali &#8211; Grad Novigrad-Cittanova | La Citt\u00e0 di Novigrad-Cittanova","robots":{"index":"index","follow":"follow","max-snippet":"max-snippet:-1","max-image-preview":"max-image-preview:large","max-video-preview":"max-video-preview:-1"},"canonical":"https:\/\/novigrad.hr\/it\/lamministrazione-cittadina\/assessorato-per-gli-affari-dellufficio-del-sindaco-gli-affari-generali-e-le-attivita-sociali\/sezione-per-gli-affari-legali\/","og_locale":"it_IT","og_type":"article","og_title":"Sezione per gli affari legali &#8211; Grad Novigrad-Cittanova | La Citt\u00e0 di Novigrad-Cittanova","og_description":"Sania Bla\u0161ki\u0107, Consulente affari legali ITel. &#8211; Interno: 209Email: sania.blaskic@novigrad.hr Maja Zornada, Consulente affari legali IITel. &#8211; Interno: 225Email: sania.blaskic@novigrad.hr","og_url":"https:\/\/novigrad.hr\/it\/lamministrazione-cittadina\/assessorato-per-gli-affari-dellufficio-del-sindaco-gli-affari-generali-e-le-attivita-sociali\/sezione-per-gli-affari-legali\/","og_site_name":"Grad Novigrad-Cittanova | La Citt\u00e0 di Novigrad-Cittanova","article_modified_time":"2024-07-25T06:12:23+00:00","og_image":[{"width":600,"height":100,"url":"https:\/\/novigrad.hr\/media\/2022\/03\/NG-CN-logo.png","type":"image\/png"}],"twitter_card":"summary_large_image","schema":{"@context":"https:\/\/schema.org","@graph":[{"@type":"WebPage","@id":"https:\/\/novigrad.hr\/it\/lamministrazione-cittadina\/assessorato-per-gli-affari-dellufficio-del-sindaco-gli-affari-generali-e-le-attivita-sociali\/sezione-per-gli-affari-legali\/","url":"https:\/\/novigrad.hr\/it\/lamministrazione-cittadina\/assessorato-per-gli-affari-dellufficio-del-sindaco-gli-affari-generali-e-le-attivita-sociali\/sezione-per-gli-affari-legali\/","name":"Sezione per gli affari legali &#8211; Grad Novigrad-Cittanova | La Citt\u00e0 di Novigrad-Cittanova","isPartOf":{"@id":"https:\/\/novigrad.hr\/it\/#website"},"datePublished":"2022-03-16T05:51:08+00:00","dateModified":"2024-07-25T06:12:23+00:00","breadcrumb":{"@id":"https:\/\/novigrad.hr\/it\/lamministrazione-cittadina\/assessorato-per-gli-affari-dellufficio-del-sindaco-gli-affari-generali-e-le-attivita-sociali\/sezione-per-gli-affari-legali\/#breadcrumb"},"inLanguage":"it-IT","potentialAction":[{"@type":"ReadAction","target":["https:\/\/novigrad.hr\/it\/lamministrazione-cittadina\/assessorato-per-gli-affari-dellufficio-del-sindaco-gli-affari-generali-e-le-attivita-sociali\/sezione-per-gli-affari-legali\/"]}]},{"@type":"BreadcrumbList","@id":"https:\/\/novigrad.hr\/it\/lamministrazione-cittadina\/assessorato-per-gli-affari-dellufficio-del-sindaco-gli-affari-generali-e-le-attivita-sociali\/sezione-per-gli-affari-legali\/#breadcrumb","itemListElement":[{"@type":"ListItem","position":1,"name":"Home","item":"https:\/\/novigrad.hr\/it\/"},{"@type":"ListItem","position":2,"name":"Amministrazione cittadina","item":"https:\/\/novigrad.hr\/it\/lamministrazione-cittadina\/"},{"@type":"ListItem","position":3,"name":"Assessorato per gli affari dell\u2019ufficio del sindaco, gli affari generali e le attivita\u2019 sociali","item":"https:\/\/novigrad.hr\/it\/lamministrazione-cittadina\/assessorato-per-gli-affari-dellufficio-del-sindaco-gli-affari-generali-e-le-attivita-sociali\/"},{"@type":"ListItem","position":4,"name":"Sezione per gli affari legali"}]},{"@type":"WebSite","@id":"https:\/\/novigrad.hr\/it\/#website","url":"https:\/\/novigrad.hr\/it\/","name":"Grad Novigrad-Cittanova | La Citt\u00e0 di Novigrad-Cittanova","description":"Slu\u017ebene stranice Grada Novigrad-Cittanova | Sito ufficiale della Citt\u00e0 di Novigrad - Cittanova","publisher":{"@id":"https:\/\/novigrad.hr\/it\/#organization"},"alternateName":"Grad Novigrad-Cittanova | La Citt\u00e0 di Novigrad-Cittanova","potentialAction":[{"@type":"SearchAction","target":{"@type":"EntryPoint","urlTemplate":"https:\/\/novigrad.hr\/it\/?s={search_term_string}"},"query-input":{"@type":"PropertyValueSpecification","valueRequired":true,"valueName":"search_term_string"}}],"inLanguage":"it-IT"},{"@type":"Organization","@id":"https:\/\/novigrad.hr\/it\/#organization","name":"Grad Novigrad - Cittanova","url":"https:\/\/novigrad.hr\/it\/","logo":{"@type":"ImageObject","inLanguage":"it-IT","@id":"https:\/\/novigrad.hr\/it\/#\/schema\/logo\/image\/","url":"https:\/\/novigrad.hr\/media\/2022\/03\/NG-CN-logo.png","contentUrl":"https:\/\/novigrad.hr\/media\/2022\/03\/NG-CN-logo.png","width":600,"height":100,"caption":"Grad Novigrad - Cittanova"},"image":{"@id":"https:\/\/novigrad.hr\/it\/#\/schema\/logo\/image\/"}}]}},"_links":{"self":[{"href":"https:\/\/novigrad.hr\/it\/wp-json\/wp\/v2\/pages\/9920","targetHints":{"allow":["GET"]}}],"collection":[{"href":"https:\/\/novigrad.hr\/it\/wp-json\/wp\/v2\/pages"}],"about":[{"href":"https:\/\/novigrad.hr\/it\/wp-json\/wp\/v2\/types\/page"}],"author":[{"embeddable":true,"href":"https:\/\/novigrad.hr\/it\/wp-json\/wp\/v2\/users\/1"}],"replies":[{"embeddable":true,"href":"https:\/\/novigrad.hr\/it\/wp-json\/wp\/v2\/comments?post=9920"}],"version-history":[{"count":0,"href":"https:\/\/novigrad.hr\/it\/wp-json\/wp\/v2\/pages\/9920\/revisions"}],"up":[{"embeddable":true,"href":"https:\/\/novigrad.hr\/it\/wp-json\/wp\/v2\/pages\/9918"}],"wp:attachment":[{"href":"https:\/\/novigrad.hr\/it\/wp-json\/wp\/v2\/media?parent=9920"}],"wp:term":[{"taxonomy":"page-taxonomy","embeddable":true,"href":"https:\/\/novigrad.hr\/it\/wp-json\/wp\/v2\/page-taxonomy?post=9920"}],"curies":[{"name":"wp","href":"https:\/\/api.w.org\/{rel}","templated":true}]}}